{"id":76,"date":"2024-02-12T16:19:58","date_gmt":"2024-02-12T13:19:58","guid":{"rendered":"https:\/\/amourette-tr.com\/index.php\/our-services\/"},"modified":"2024-02-26T11:48:57","modified_gmt":"2024-02-26T08:48:57","slug":"our-services","status":"publish","type":"page","link":"https:\/\/amourette-tr.com\/index.php\/our-services\/","title":{"rendered":"HAKKIMIZDA"},"content":{"rendered":"\t\t<div data-elementor-type=\"wp-page\" data-elementor-id=\"76\" class=\"elementor elementor-76\">\n\t\t\t\t<div class=\"elementor-element elementor-element-72365be8 e-flex e-con-boxed sc_inner_width_none sc_layouts_column_icons_position_left e-con e-parent\" data-id=\"72365be8\" data-element_type=\"container\" data-settings=\"{&quot;content_width&quot;:&quot;boxed&quot;}\" data-core-v316-plus=\"true\">\n\t\t\t\t\t<div class=\"e-con-inner\">\n\t\t<div class=\"elementor-element elementor-element-2e8b6a95 e-con-full e-flex sc_inner_width_none sc_layouts_column_icons_position_left e-con e-child\" data-id=\"2e8b6a95\" data-element_type=\"container\" data-settings=\"{&quot;content_width&quot;:&quot;full&quot;}\">\n\t\t\t\t<div class=\"elementor-element elementor-element-5731af1d sc_fly_static elementor-widget elementor-widget-heading\" data-id=\"5731af1d\" data-element_type=\"widget\" data-widget_type=\"heading.default\">\n\t\t\t\t<div class=\"elementor-widget-container\">\n\t\t\t<style>\/*! elementor - v3.19.0 - 07-02-2024 *\/\n.elementor-heading-title{padding:0;margin:0;line-height:1}.elementor-widget-heading .elementor-heading-title[class*=elementor-size-]>a{color:inherit;font-size:inherit;line-height:inherit}.elementor-widget-heading .elementor-heading-title.elementor-size-small{font-size:15px}.elementor-widget-heading .elementor-heading-title.elementor-size-medium{font-size:19px}.elementor-widget-heading .elementor-heading-title.elementor-size-large{font-size:29px}.elementor-widget-heading .elementor-heading-title.elementor-size-xl{font-size:39px}.elementor-widget-heading .elementor-heading-title.elementor-size-xxl{font-size:59px}<\/style><h2 class=\"elementor-heading-title elementor-size-default\">Merhaba,<\/h2>\t\t<\/div>\n\t\t\t\t<\/div>\n\t\t\t\t<div class=\"elementor-element elementor-element-5a5cd79a elementor-widget__width-initial elementor-widget-mobile__width-inherit sc_fly_static elementor-widget elementor-widget-text-editor\" data-id=\"5a5cd79a\" data-element_type=\"widget\" data-widget_type=\"text-editor.default\">\n\t\t\t\t<div class=\"elementor-widget-container\">\n\t\t\t<style>\/*! elementor - v3.19.0 - 07-02-2024 *\/\n.elementor-widget-text-editor.elementor-drop-cap-view-stacked .elementor-drop-cap{background-color:#69727d;color:#fff}.elementor-widget-text-editor.elementor-drop-cap-view-framed .elementor-drop-cap{color:#69727d;border:3px solid;background-color:transparent}.elementor-widget-text-editor:not(.elementor-drop-cap-view-default) .elementor-drop-cap{margin-top:8px}.elementor-widget-text-editor:not(.elementor-drop-cap-view-default) .elementor-drop-cap-letter{width:1em;height:1em}.elementor-widget-text-editor .elementor-drop-cap{float:left;text-align:center;line-height:1;font-size:50px}.elementor-widget-text-editor .elementor-drop-cap-letter{display:inline-block}<\/style>\t\t\t\t<p>Biz, Amourette.<br \/>Geleneksel Frans\u0131z tatlar\u0131n\u0131 modern bir dokunu\u015fla bir araya getirerek lezzet dolu bir deneyim sunuyoruz. Her bir \u00fcr\u00fcn\u00fcm\u00fczde \u00f6zenle se\u00e7ilmi\u015f do\u011fal malzemelerle, el eme\u011fi ile haz\u0131rlanan ger\u00e7ek Frans\u0131z lezzetlerini sunuyoruz.<\/p><p>Frans\u0131z pastac\u0131l\u0131k gelene\u011fini ya\u015fatmay\u0131 ve bu lezzetleri siz de\u011ferli m\u00fc\u015fterilerimize sunmay\u0131 ama\u00e7l\u0131yoruz. Her g\u00fcn taze olarak pi\u015firdi\u011fimiz kruvasanlar\u0131m\u0131z, e\u015fsiz tatlar\u0131m\u0131z ve \u00f6zel olarak haz\u0131rlad\u0131\u011f\u0131m\u0131z pasta \u00e7e\u015fitlerimizle sizi Fransa&#8217;n\u0131n sokaklar\u0131ndaki bir pastanenin atmosferine davet ediyoruz.<\/p><p>Amourette olarak, her bir misafirimizin tatlar\u0131m\u0131zla mutluluk bulmas\u0131n\u0131 ve keyifli anlar ya\u015famas\u0131n\u0131 arzuluyoruz. K\u00fc\u00e7\u00fck bir dilim pastam\u0131z veya bir fincan aromatik kahvemizle g\u00fcne lezzetli bir ba\u015flang\u0131\u00e7 yapman\u0131z\u0131 diliyoruz.Bize u\u011frad\u0131\u011f\u0131n\u0131z i\u00e7in te\u015fekk\u00fcr ederiz, sizi lezzet dolu bir yolculu\u011fa \u00e7\u0131karmak i\u00e7in sab\u0131rs\u0131zlan\u0131yoruz!<\/p><p>Sevgi ve lezzetle, Amourette Ailesi<\/p>\t\t\t\t\t\t<\/div>\n\t\t\t\t<\/div>\n\t\t\t\t<\/div>\n\t\t<div class=\"elementor-element elementor-element-14433871 e-con-full e-flex sc_inner_width_none sc_layouts_column_icons_position_left e-con e-child\" data-id=\"14433871\" data-element_type=\"container\" data-settings=\"{&quot;background_background&quot;:&quot;classic&quot;,&quot;content_width&quot;:&quot;full&quot;}\">\n\t\t\t\t<div class=\"elementor-element elementor-element-5fef894 sc_fly_static elementor-widget elementor-widget-image\" data-id=\"5fef894\" data-element_type=\"widget\" data-widget_type=\"image.default\">\n\t\t\t\t<div class=\"elementor-widget-container\">\n\t\t\t<style>\/*! elementor - v3.19.0 - 07-02-2024 *\/\n.elementor-widget-image{text-align:center}.elementor-widget-image a{display:inline-block}.elementor-widget-image a img[src$=\".svg\"]{width:48px}.elementor-widget-image img{vertical-align:middle;display:inline-block}<\/style>\t\t\t\t\t\t\t\t\t\t<img fetchpriority=\"high\" decoding=\"async\" width=\"1080\" height=\"1080\" src=\"https:\/\/amourette-tr.com\/wp-content\/uploads\/2024\/02\/4.jpg\" class=\"attachment-full size-full wp-image-198\" alt=\"\" srcset=\"https:\/\/amourette-tr.com\/wp-content\/uploads\/2024\/02\/4.jpg 1080w, https:\/\/amourette-tr.com\/wp-content\/uploads\/2024\/02\/4-300x300.jpg 300w, https:\/\/amourette-tr.com\/wp-content\/uploads\/2024\/02\/4-1024x1024.jpg 1024w, https:\/\/amourette-tr.com\/wp-content\/uploads\/2024\/02\/4-150x150.jpg 150w, https:\/\/amourette-tr.com\/wp-content\/uploads\/2024\/02\/4-768x768.jpg 768w, https:\/\/amourette-tr.com\/wp-content\/uploads\/2024\/02\/4-370x370.jpg 370w, https:\/\/amourette-tr.com\/wp-content\/uploads\/2024\/02\/4-120x120.jpg 120w, https:\/\/amourette-tr.com\/wp-content\/uploads\/2024\/02\/4-840x840.jpg 840w, https:\/\/amourette-tr.com\/wp-content\/uploads\/2024\/02\/4-410x410.jpg 410w\" sizes=\"(max-width: 1080px) 100vw, 1080px\" \/>\t\t\t\t\t\t\t\t\t\t\t\t\t<\/div>\n\t\t\t\t<\/div>\n\t\t\t\t<\/div>\n\t\t\t\t\t<\/div>\n\t\t\t\t<\/div>\n\t\t\t\t<\/div>\n\t\t","protected":false},"excerpt":{"rendered":"<p>Merhaba, Biz, Amourette.Geleneksel Frans\u0131z tatlar\u0131n\u0131 modern bir dokunu\u015fla bir araya getirerek lezzet dolu bir deneyim sunuyoruz. Her bir \u00fcr\u00fcn\u00fcm\u00fczde \u00f6zenle se\u00e7ilmi\u015f do\u011fal malzemelerle, el eme\u011fi ile haz\u0131rlanan ger\u00e7ek Frans\u0131z lezzetlerini&hellip;<\/p>\n","protected":false},"author":1,"featured_media":0,"parent":0,"menu_order":0,"comment_status":"closed","ping_status":"closed","template":"elementor_header_footer","meta":{"om_disable_all_campaigns":false,"_monsterinsights_skip_tracking":false,"_monsterinsights_sitenote_active":false,"_monsterinsights_sitenote_note":"","_monsterinsights_sitenote_category":0,"footnotes":""},"aioseo_notices":[],"_links":{"self":[{"href":"https:\/\/amourette-tr.com\/index.php\/wp-json\/wp\/v2\/pages\/76"}],"collection":[{"href":"https:\/\/amourette-tr.com\/index.php\/wp-json\/wp\/v2\/pages"}],"about":[{"href":"https:\/\/amourette-tr.com\/index.php\/wp-json\/wp\/v2\/types\/page"}],"author":[{"embeddable":true,"href":"https:\/\/amourette-tr.com\/index.php\/wp-json\/wp\/v2\/users\/1"}],"replies":[{"embeddable":true,"href":"https:\/\/amourette-tr.com\/index.php\/wp-json\/wp\/v2\/comments?post=76"}],"version-history":[{"count":13,"href":"https:\/\/amourette-tr.com\/index.php\/wp-json\/wp\/v2\/pages\/76\/revisions"}],"predecessor-version":[{"id":279,"href":"https:\/\/amourette-tr.com\/index.php\/wp-json\/wp\/v2\/pages\/76\/revisions\/279"}],"wp:attachment":[{"href":"https:\/\/amourette-tr.com\/index.php\/wp-json\/wp\/v2\/media?parent=76"}],"curies":[{"name":"wp","href":"https:\/\/api.w.org\/{rel}","templated":true}]}}